{"id":1424,"date":"2025-12-06T00:21:29","date_gmt":"2025-12-05T23:21:29","guid":{"rendered":"https:\/\/elhiope.fr\/?post_type=product&#038;p=1424"},"modified":"2026-03-22T16:53:35","modified_gmt":"2026-03-22T15:53:35","slug":"blague-a-tabac","status":"publish","type":"product","link":"https:\/\/elhiope.fr\/index.php\/produit\/blague-a-tabac\/","title":{"rendered":"Blague \u00e0 tabac"},"content":{"rendered":"<p>Blague \u00e0 tabac en cuir, couture point sellier \u00e0 la main au fil de lin, fermeture par boutons pression.<\/p>\n<p>Ces mod\u00e8les sont les derniers qu&rsquo;il me reste, aucun r\u00e9assort de ce mod\u00e8le n&rsquo;est pr\u00e9vu. Il s&rsquo;agit donc de pi\u00e8ces uniques qui ne seront pas reproduites. Ayant \u00e9t\u00e9 transport\u00e9es r\u00e9guli\u00e8rement lors de march\u00e9s, chacune pr\u00e9sente des marques d&rsquo;usure (coutures marqu\u00e9es, l\u00e9g\u00e8res griffures, etc) d&rsquo;o\u00f9 la promotion, merci de bien v\u00e9rifier les photos avant achat.<\/p>\n<h3 class=\"western\">Dimensions :<\/h3>\n<p>Blague ferm\u00e9e : 8 x 16 cm<\/p>\n<p>Blague ouverte 16,5 x 16 cm<\/p>\n<p>D\u00fb aux mesures manuelles et \u00e0 la fabrication artisanale du produit, merci de bien vouloir accorder une marge de quelques millim\u00e8tres.<\/p>\n","protected":false},"excerpt":{"rendered":"<p>Con\u00e7ue pour pouvoir contenir un paquet de tabac de 30 grammes, un paquet de feuilles \u00e0 rouler, des filtres et un briquet, cette blague \u00e0 tabac sera l\u2019alli\u00e9 parfait pour transporter tout le n\u00e9cessaire pour rouler des cigarettes.<\/p>\n","protected":false},"featured_media":1404,"template":"","meta":{"_uag_custom_page_level_css":""},"product_brand":[],"product_cat":[71],"product_tag":[],"class_list":{"0":"post-1424","1":"product","2":"type-product","3":"status-publish","4":"has-post-thumbnail","6":"product_cat-maro","7":"product_shipping_class-26","9":"first","10":"instock","11":"sale","12":"sold-individually","13":"shipping-taxable","14":"purchasable","15":"product-type-variable"},"uagb_featured_image_src":{"full":["https:\/\/elhiope.fr\/wp-content\/uploads\/2025\/12\/DSC0842-2-scaled.jpg",2560,1702,false],"thumbnail":["https:\/\/elhiope.fr\/wp-content\/uploads\/2025\/12\/DSC0842-2-scaled.jpg",150,100,false],"medium":["https:\/\/elhiope.fr\/wp-content\/uploads\/2025\/12\/DSC0842-2-scaled.jpg",300,199,false],"medium_large":["https:\/\/elhiope.fr\/wp-content\/uploads\/2025\/12\/DSC0842-2-scaled.jpg",750,499,false],"large":["https:\/\/elhiope.fr\/wp-content\/uploads\/2025\/12\/DSC0842-2-scaled.jpg",750,499,false],"1536x1536":["https:\/\/elhiope.fr\/wp-content\/uploads\/2025\/12\/DSC0842-2-scaled.jpg",1536,1021,false],"2048x2048":["https:\/\/elhiope.fr\/wp-content\/uploads\/2025\/12\/DSC0842-2-scaled.jpg",2048,1362,false],"hestia-blog":["https:\/\/elhiope.fr\/wp-content\/uploads\/2025\/12\/DSC0842-2-scaled.jpg",360,240,false],"woocommerce_thumbnail":["https:\/\/elhiope.fr\/wp-content\/uploads\/2025\/12\/DSC0842-2-scaled-230x153.jpg",230,153,true],"woocommerce_single":["https:\/\/elhiope.fr\/wp-content\/uploads\/2025\/12\/DSC0842-2-scaled-600x399.jpg",600,399,true],"woocommerce_gallery_thumbnail":["https:\/\/elhiope.fr\/wp-content\/uploads\/2025\/12\/DSC0842-2-scaled-160x160.jpg",160,160,true],"jetpack-portfolio-admin-thumb":["https:\/\/elhiope.fr\/wp-content\/uploads\/2025\/12\/DSC0842-2-scaled.jpg",50,33,false]},"uagb_author_info":{"display_name":"admin4607","author_link":"https:\/\/elhiope.fr\/index.php\/author\/"},"uagb_comment_info":0,"uagb_excerpt":"Con\u00e7ue pour pouvoir contenir un paquet de tabac de 30 grammes, un paquet de feuilles \u00e0 rouler, des filtres et un briquet, cette blague \u00e0 tabac sera l\u2019alli\u00e9 parfait pour transporter tout le n\u00e9cessaire pour rouler des cigarettes.","jetpack_sharing_enabled":true,"_links":{"self":[{"href":"https:\/\/elhiope.fr\/index.php\/wp-json\/wp\/v2\/product\/1424","targetHints":{"allow":["GET"]}}],"collection":[{"href":"https:\/\/elhiope.fr\/index.php\/wp-json\/wp\/v2\/product"}],"about":[{"href":"https:\/\/elhiope.fr\/index.php\/wp-json\/wp\/v2\/types\/product"}],"wp:featuredmedia":[{"embeddable":true,"href":"https:\/\/elhiope.fr\/index.php\/wp-json\/wp\/v2\/media\/1404"}],"wp:attachment":[{"href":"https:\/\/elhiope.fr\/index.php\/wp-json\/wp\/v2\/media?parent=1424"}],"wp:term":[{"taxonomy":"product_brand","embeddable":true,"href":"https:\/\/elhiope.fr\/index.php\/wp-json\/wp\/v2\/product_brand?post=1424"},{"taxonomy":"product_cat","embeddable":true,"href":"https:\/\/elhiope.fr\/index.php\/wp-json\/wp\/v2\/product_cat?post=1424"},{"taxonomy":"product_tag","embeddable":true,"href":"https:\/\/elhiope.fr\/index.php\/wp-json\/wp\/v2\/product_tag?post=1424"}],"curies":[{"name":"wp","href":"https:\/\/api.w.org\/{rel}","templated":true}]}}