{"id":1088,"date":"2024-11-20T10:02:15","date_gmt":"2024-11-20T09:02:15","guid":{"rendered":"https:\/\/elhiope.fr\/?post_type=product&#038;p=1088"},"modified":"2026-03-22T17:05:53","modified_gmt":"2026-03-22T16:05:53","slug":"sac-dappoint-bleu-ciel","status":"publish","type":"product","link":"https:\/\/elhiope.fr\/index.php\/produit\/sac-dappoint-bleu-ciel\/","title":{"rendered":"Sac d&rsquo;appoint Bleu Ciel"},"content":{"rendered":"<p>Sac pliable qui se glisse \u00e0 la ceinture.<\/p>\n<p>Le cuir est un produit naturel qui r\u00e9agit \u00e0 la lumi\u00e8re, ces produits \u00e9tant expos\u00e9s au soleil lors des march\u00e9s, la partie en cuir est plus bronz\u00e9e que sur les photos. Si vous souhaitez un cuir tr\u00e8s clair je peux fabriquer le sac sur commande \u00e0 condition qu&rsquo;il me reste le tissu que vous souhaitez, notez toutefois que le cuir finira par bronzer lorsqu&rsquo;il sera expos\u00e9 au soleil.<\/p>\n<h3 class=\"western\">Dimensions :<\/h3>\n<p>pli\u00e9 : 10*12*3 cm<\/p>\n<p>ouvert : 28*34 cm<\/p>\n<p>se glisse sur une ceinture jusqu&rsquo;\u00e0 5-6 cm de large<\/p>\n","protected":false},"excerpt":{"rendered":"<p>Pratique et peu encombrant, ce sac d&rsquo;appoint poss\u00e8de une grande capacit\u00e9 !<\/p>\n","protected":false},"featured_media":1087,"template":"","meta":{"_uag_custom_page_level_css":""},"product_brand":[],"product_cat":[72],"product_tag":[],"class_list":{"0":"post-1088","1":"product","2":"type-product","3":"status-publish","4":"has-post-thumbnail","6":"product_cat-sac","7":"product_shipping_class-27","9":"first","10":"instock","11":"sale","12":"shipping-taxable","13":"purchasable","14":"product-type-simple"},"uagb_featured_image_src":{"full":["https:\/\/elhiope.fr\/wp-content\/uploads\/2024\/11\/IMG20241119224134-scaled.jpg",2560,2560,false],"thumbnail":["https:\/\/elhiope.fr\/wp-content\/uploads\/2024\/11\/IMG20241119224134-scaled.jpg",150,150,false],"medium":["https:\/\/elhiope.fr\/wp-content\/uploads\/2024\/11\/IMG20241119224134-scaled.jpg",300,300,false],"medium_large":["https:\/\/elhiope.fr\/wp-content\/uploads\/2024\/11\/IMG20241119224134-scaled.jpg",750,750,false],"large":["https:\/\/elhiope.fr\/wp-content\/uploads\/2024\/11\/IMG20241119224134-scaled.jpg",750,750,false],"1536x1536":["https:\/\/elhiope.fr\/wp-content\/uploads\/2024\/11\/IMG20241119224134-scaled.jpg",1536,1536,false],"2048x2048":["https:\/\/elhiope.fr\/wp-content\/uploads\/2024\/11\/IMG20241119224134-scaled.jpg",2048,2048,false],"hestia-blog":["https:\/\/elhiope.fr\/wp-content\/uploads\/2024\/11\/IMG20241119224134-scaled.jpg",240,240,false],"woocommerce_thumbnail":["https:\/\/elhiope.fr\/wp-content\/uploads\/2024\/11\/IMG20241119224134-scaled-230x230.jpg",230,230,true],"woocommerce_single":["https:\/\/elhiope.fr\/wp-content\/uploads\/2024\/11\/IMG20241119224134-scaled-600x600.jpg",600,600,true],"woocommerce_gallery_thumbnail":["https:\/\/elhiope.fr\/wp-content\/uploads\/2024\/11\/IMG20241119224134-scaled-160x160.jpg",160,160,true],"jetpack-portfolio-admin-thumb":["https:\/\/elhiope.fr\/wp-content\/uploads\/2024\/11\/IMG20241119224134-scaled.jpg",50,50,false]},"uagb_author_info":{"display_name":"admin4607","author_link":"https:\/\/elhiope.fr\/index.php\/author\/"},"uagb_comment_info":0,"uagb_excerpt":"Pratique et peu encombrant, ce sac d'appoint poss\u00e8de une grande capacit\u00e9 !","jetpack_sharing_enabled":true,"_links":{"self":[{"href":"https:\/\/elhiope.fr\/index.php\/wp-json\/wp\/v2\/product\/1088","targetHints":{"allow":["GET"]}}],"collection":[{"href":"https:\/\/elhiope.fr\/index.php\/wp-json\/wp\/v2\/product"}],"about":[{"href":"https:\/\/elhiope.fr\/index.php\/wp-json\/wp\/v2\/types\/product"}],"wp:featuredmedia":[{"embeddable":true,"href":"https:\/\/elhiope.fr\/index.php\/wp-json\/wp\/v2\/media\/1087"}],"wp:attachment":[{"href":"https:\/\/elhiope.fr\/index.php\/wp-json\/wp\/v2\/media?parent=1088"}],"wp:term":[{"taxonomy":"product_brand","embeddable":true,"href":"https:\/\/elhiope.fr\/index.php\/wp-json\/wp\/v2\/product_brand?post=1088"},{"taxonomy":"product_cat","embeddable":true,"href":"https:\/\/elhiope.fr\/index.php\/wp-json\/wp\/v2\/product_cat?post=1088"},{"taxonomy":"product_tag","embeddable":true,"href":"https:\/\/elhiope.fr\/index.php\/wp-json\/wp\/v2\/product_tag?post=1088"}],"curies":[{"name":"wp","href":"https:\/\/api.w.org\/{rel}","templated":true}]}}