{"id":1024,"date":"2024-11-19T11:44:43","date_gmt":"2024-11-19T10:44:43","guid":{"rendered":"https:\/\/elhiope.fr\/?post_type=product&#038;p=1024"},"modified":"2026-03-22T17:34:48","modified_gmt":"2026-03-22T16:34:48","slug":"masque-chat-2","status":"publish","type":"product","link":"https:\/\/elhiope.fr\/index.php\/produit\/masque-chat-2\/","title":{"rendered":"Masque Chat"},"content":{"rendered":"<p>Masque en cuir moul\u00e9 \u00e0 la main.<\/p>\n<p>Pi\u00e8ce unique.<\/p>\n<p>Tour de t\u00eate r\u00e9glable.<\/p>\n","protected":false},"excerpt":{"rendered":"<p>Pi\u00e8ce de costume ou objet de d\u00e9coration, chaque masque est une cr\u00e9ation unique.<\/p>\n","protected":false},"featured_media":1926,"template":"","meta":{"_uag_custom_page_level_css":""},"product_brand":[],"product_cat":[69],"product_tag":[],"class_list":{"0":"post-1024","1":"product","2":"type-product","3":"status-publish","4":"has-post-thumbnail","6":"product_cat-masques","7":"product_shipping_class-26","9":"first","10":"instock","11":"sold-individually","12":"shipping-taxable","13":"purchasable","14":"product-type-simple"},"uagb_featured_image_src":{"full":["https:\/\/elhiope.fr\/wp-content\/uploads\/2024\/11\/DSC1039-scaled.jpg",2560,1702,false],"thumbnail":["https:\/\/elhiope.fr\/wp-content\/uploads\/2024\/11\/DSC1039-150x150.jpg",150,150,true],"medium":["https:\/\/elhiope.fr\/wp-content\/uploads\/2024\/11\/DSC1039-300x199.jpg",300,199,true],"medium_large":["https:\/\/elhiope.fr\/wp-content\/uploads\/2024\/11\/DSC1039-768x511.jpg",750,499,true],"large":["https:\/\/elhiope.fr\/wp-content\/uploads\/2024\/11\/DSC1039-1024x681.jpg",750,499,true],"1536x1536":["https:\/\/elhiope.fr\/wp-content\/uploads\/2024\/11\/DSC1039-1536x1021.jpg",1536,1021,true],"2048x2048":["https:\/\/elhiope.fr\/wp-content\/uploads\/2024\/11\/DSC1039-2048x1362.jpg",2048,1362,true],"hestia-blog":["https:\/\/elhiope.fr\/wp-content\/uploads\/2024\/11\/DSC1039-360x240.jpg",360,240,true],"woocommerce_thumbnail":["https:\/\/elhiope.fr\/wp-content\/uploads\/2024\/11\/DSC1039-230x153.jpg",230,153,true],"woocommerce_single":["https:\/\/elhiope.fr\/wp-content\/uploads\/2024\/11\/DSC1039-600x399.jpg",600,399,true],"woocommerce_gallery_thumbnail":["https:\/\/elhiope.fr\/wp-content\/uploads\/2024\/11\/DSC1039-160x160.jpg",160,160,true],"jetpack-portfolio-admin-thumb":["https:\/\/elhiope.fr\/wp-content\/uploads\/2024\/11\/DSC1039-50x50.jpg",50,50,true]},"uagb_author_info":{"display_name":"admin4607","author_link":"https:\/\/elhiope.fr\/index.php\/author\/"},"uagb_comment_info":0,"uagb_excerpt":"Pi\u00e8ce de costume ou objet de d\u00e9coration, chaque masque est une cr\u00e9ation unique.","jetpack_sharing_enabled":true,"_links":{"self":[{"href":"https:\/\/elhiope.fr\/index.php\/wp-json\/wp\/v2\/product\/1024","targetHints":{"allow":["GET"]}}],"collection":[{"href":"https:\/\/elhiope.fr\/index.php\/wp-json\/wp\/v2\/product"}],"about":[{"href":"https:\/\/elhiope.fr\/index.php\/wp-json\/wp\/v2\/types\/product"}],"wp:featuredmedia":[{"embeddable":true,"href":"https:\/\/elhiope.fr\/index.php\/wp-json\/wp\/v2\/media\/1926"}],"wp:attachment":[{"href":"https:\/\/elhiope.fr\/index.php\/wp-json\/wp\/v2\/media?parent=1024"}],"wp:term":[{"taxonomy":"product_brand","embeddable":true,"href":"https:\/\/elhiope.fr\/index.php\/wp-json\/wp\/v2\/product_brand?post=1024"},{"taxonomy":"product_cat","embeddable":true,"href":"https:\/\/elhiope.fr\/index.php\/wp-json\/wp\/v2\/product_cat?post=1024"},{"taxonomy":"product_tag","embeddable":true,"href":"https:\/\/elhiope.fr\/index.php\/wp-json\/wp\/v2\/product_tag?post=1024"}],"curies":[{"name":"wp","href":"https:\/\/api.w.org\/{rel}","templated":true}]}}