{"id":1017,"date":"2024-11-19T11:29:41","date_gmt":"2024-11-19T10:29:41","guid":{"rendered":"https:\/\/elhiope.fr\/?post_type=product&#038;p=1017"},"modified":"2026-03-22T17:37:39","modified_gmt":"2026-03-22T16:37:39","slug":"masque-creature-marine","status":"publish","type":"product","link":"https:\/\/elhiope.fr\/index.php\/produit\/masque-creature-marine\/","title":{"rendered":"Masque Cr\u00e9ature Marine"},"content":{"rendered":"<p>Masque en cuir moul\u00e9 et teint\u00e9 \u00e0 la main.<\/p>\n<p>Pi\u00e8ce unique.<\/p>\n<p>Tour de t\u00eate r\u00e9glable.<\/p>\n","protected":false},"excerpt":{"rendered":"<p>Pi\u00e8ce de costume ou objet de d\u00e9coration, chaque masque est une cr\u00e9ation unique.<\/p>\n","protected":false},"featured_media":1927,"template":"","meta":{"_uag_custom_page_level_css":""},"product_brand":[],"product_cat":[69],"product_tag":[],"class_list":{"0":"post-1017","1":"product","2":"type-product","3":"status-publish","4":"has-post-thumbnail","6":"product_cat-masques","7":"product_shipping_class-26","9":"first","10":"instock","11":"sold-individually","12":"shipping-taxable","13":"purchasable","14":"product-type-simple"},"uagb_featured_image_src":{"full":["https:\/\/elhiope.fr\/wp-content\/uploads\/2024\/11\/DSC1045-scaled.jpg",1702,2560,false],"thumbnail":["https:\/\/elhiope.fr\/wp-content\/uploads\/2024\/11\/DSC1045-150x150.jpg",150,150,true],"medium":["https:\/\/elhiope.fr\/wp-content\/uploads\/2024\/11\/DSC1045-199x300.jpg",199,300,true],"medium_large":["https:\/\/elhiope.fr\/wp-content\/uploads\/2024\/11\/DSC1045-768x1155.jpg",750,1128,true],"large":["https:\/\/elhiope.fr\/wp-content\/uploads\/2024\/11\/DSC1045-681x1024.jpg",681,1024,true],"1536x1536":["https:\/\/elhiope.fr\/wp-content\/uploads\/2024\/11\/DSC1045-scaled.jpg",1021,1536,false],"2048x2048":["https:\/\/elhiope.fr\/wp-content\/uploads\/2024\/11\/DSC1045-scaled.jpg",1362,2048,false],"hestia-blog":["https:\/\/elhiope.fr\/wp-content\/uploads\/2024\/11\/DSC1045-scaled.jpg",160,240,false],"woocommerce_thumbnail":["https:\/\/elhiope.fr\/wp-content\/uploads\/2024\/11\/DSC1045-scaled.jpg",230,346,false],"woocommerce_single":["https:\/\/elhiope.fr\/wp-content\/uploads\/2024\/11\/DSC1045-scaled.jpg",600,902,false],"woocommerce_gallery_thumbnail":["https:\/\/elhiope.fr\/wp-content\/uploads\/2024\/11\/DSC1045-scaled-160x160.jpg",160,160,true],"jetpack-portfolio-admin-thumb":["https:\/\/elhiope.fr\/wp-content\/uploads\/2024\/11\/DSC1045-scaled.jpg",33,50,false]},"uagb_author_info":{"display_name":"admin4607","author_link":"https:\/\/elhiope.fr\/index.php\/author\/"},"uagb_comment_info":0,"uagb_excerpt":"Pi\u00e8ce de costume ou objet de d\u00e9coration, chaque masque est une cr\u00e9ation unique.","jetpack_sharing_enabled":true,"_links":{"self":[{"href":"https:\/\/elhiope.fr\/index.php\/wp-json\/wp\/v2\/product\/1017","targetHints":{"allow":["GET"]}}],"collection":[{"href":"https:\/\/elhiope.fr\/index.php\/wp-json\/wp\/v2\/product"}],"about":[{"href":"https:\/\/elhiope.fr\/index.php\/wp-json\/wp\/v2\/types\/product"}],"wp:featuredmedia":[{"embeddable":true,"href":"https:\/\/elhiope.fr\/index.php\/wp-json\/wp\/v2\/media\/1927"}],"wp:attachment":[{"href":"https:\/\/elhiope.fr\/index.php\/wp-json\/wp\/v2\/media?parent=1017"}],"wp:term":[{"taxonomy":"product_brand","embeddable":true,"href":"https:\/\/elhiope.fr\/index.php\/wp-json\/wp\/v2\/product_brand?post=1017"},{"taxonomy":"product_cat","embeddable":true,"href":"https:\/\/elhiope.fr\/index.php\/wp-json\/wp\/v2\/product_cat?post=1017"},{"taxonomy":"product_tag","embeddable":true,"href":"https:\/\/elhiope.fr\/index.php\/wp-json\/wp\/v2\/product_tag?post=1017"}],"curies":[{"name":"wp","href":"https:\/\/api.w.org\/{rel}","templated":true}]}}