{"id":430,"date":"2024-02-07T19:23:29","date_gmt":"2024-02-07T18:23:29","guid":{"rendered":"https:\/\/elhiope.fr\/?page_id=430"},"modified":"2024-11-06T20:35:00","modified_gmt":"2024-11-06T19:35:00","slug":"mon-parcours","status":"publish","type":"page","link":"https:\/\/elhiope.fr\/index.php\/mon-parcours\/","title":{"rendered":"Mon parcours"},"content":{"rendered":"\n<p>Comment est-ce que j&rsquo;ai commenc\u00e9 \u00e0 travailler le cuir, depuis quand, o\u00f9 est-ce que j&rsquo;ai appris ?<\/p>\n\n\n\n<p>Ce sont des questions que je re\u00e7ois r\u00e9guli\u00e8rement alors il est temps d&rsquo;y r\u00e9pondre.<\/p>\n\n\n\n<p>Mon parcours scolaire initial ne me destinait absolument pas \u00e0 un m\u00e9tier artisanal : bac S puis pr\u00e9pa scientifique, je me rends compte apr\u00e8s quelques mois que \u00e7a ne me convient pas, il est grand temps de r\u00e9fl\u00e9chir \u00e0 ce que je souhaite r\u00e9ellement faire. Me vient l&rsquo;id\u00e9e du cuir ! Depuis toute petite, j&rsquo;adore les activit\u00e9s manuelles, \u00e0 chaque m\u00e9di\u00e9val j&rsquo;admire les cr\u00e9ations en cuir, cette mati\u00e8re qui demande trop d&rsquo;investissement pour que je ne la travaille qu&rsquo;en loisir, c&rsquo;est peut-\u00eatre l&rsquo;occasion d&rsquo;essayer ?!<\/p>\n\n\n\n<div class=\"wp-block-group is-nowrap is-layout-flex wp-container-core-group-is-layout-6c531013 wp-block-group-is-layout-flex\">\n<div class=\"wp-block-group is-vertical is-layout-flex wp-container-core-group-is-layout-fe9cc265 wp-block-group-is-layout-flex\">\n<p>Aussit\u00f4t dit, aussit\u00f4t fait ! J&rsquo;abandonne ma pr\u00e9pa, me cr\u00e9e un book avec des photos de tout ce que j&rsquo;ai pu faire comme activit\u00e9s manuelles jusqu&rsquo;\u00e0 pr\u00e9sent et contacte des lyc\u00e9e. En cours d&rsquo;ann\u00e9e, je ne suis pas s\u00fbre d&rsquo;avoir de r\u00e9ponse mais qui ne tente rien n&rsquo;a rien !<\/p>\n<\/div>\n\n\n\n<div data-wp-interactive=\"core\/file\" class=\"wp-block-file wp-container-content-cca5f6af\"><object data-wp-bind--hidden=\"!state.hasPdfPreview\" hidden class=\"wp-block-file__embed\" data=\"https:\/\/elhiope.fr\/wp-content\/uploads\/2024\/02\/book.pdf\" type=\"application\/pdf\" style=\"width:100%;height:330px\" aria-label=\"Contenu embarqu\u00e9 book.\"><\/object><a id=\"wp-block-file--media-43d84d0e-08c7-492e-8648-42c7e2c42120\" href=\"https:\/\/elhiope.fr\/wp-content\/uploads\/2024\/02\/book.pdf\">book<\/a><a href=\"https:\/\/elhiope.fr\/wp-content\/uploads\/2024\/02\/book.pdf\" class=\"wp-block-file__button wp-element-button\" download aria-describedby=\"wp-block-file--media-43d84d0e-08c7-492e-8648-42c7e2c42120\">T\u00e9l\u00e9charger<\/a><\/div>\n<\/div>\n\n\n\n<p>Un mois plus tard, d\u00e9but d\u00e9cembre 2020, j&rsquo;entre en CAP maroquinerie au lyc\u00e9e Fr\u00e9d\u00e9ric Bartholdi (Saint-Denis) et obtiens mon dipl\u00f4me en juin 2022. N&rsquo;ayant que les cours d&rsquo;atelier (ayant d\u00e9j\u00e0 mon bac, je suis dispens\u00e9e des mati\u00e8res g\u00e9n\u00e9rales), cela me laisse du temps pour apprendre les techniques de travail non abord\u00e9es en cours comme la couture au point sellier ou le repoussage et cr\u00e9er ma micro-entreprise afin de vendre mes premi\u00e8res cr\u00e9ations dans un cadre l\u00e9gal. <\/p>\n\n\n\n<p>Elhiope Cuir voit le jour le 5 ao\u00fbt 2021 !<\/p>\n\n\n\n<div class=\"wp-block-group is-nowrap is-layout-flex wp-container-core-group-is-layout-6c531013 wp-block-group-is-layout-flex\">\n<div class=\"wp-block-group is-vertical is-layout-flex wp-container-core-group-is-layout-fe9cc265 wp-block-group-is-layout-flex\">\n<p>Le 1er juillet 2023, un ami m&rsquo;offre l&rsquo;opportunit\u00e9 d&rsquo;exposer lors de son festival : Just for you, c&rsquo;est mon premier march\u00e9.<\/p>\n<\/div>\n\n\n\n<figure class=\"wp-block-video wp-container-content-432d1f4f\"><video height=\"854\" style=\"aspect-ratio: 480 \/ 854;\" width=\"480\" controls poster=\"https:\/\/elhiope.fr\/wp-content\/uploads\/2024\/02\/WhatsApp-Image-2023-07-14-a-21.10.02_5a6c54f5.jpg\" src=\"https:\/\/elhiope.fr\/wp-content\/uploads\/2024\/02\/SnapSave_App_665458392157567_480p.mp4\"><\/video><\/figure>\n<\/div>\n\n\n\n<div class=\"wp-block-group is-nowrap is-layout-flex wp-container-core-group-is-layout-6c531013 wp-block-group-is-layout-flex\">\n<figure class=\"wp-block-image size-full is-resized\"><img loading=\"lazy\" decoding=\"async\" width=\"750\" height=\"562\" src=\"https:\/\/elhiope.fr\/wp-content\/uploads\/2024\/02\/taverne.jpg\" alt=\"\" class=\"wp-image-442\" style=\"width:483px;height:auto\" srcset=\"https:\/\/elhiope.fr\/wp-content\/uploads\/2024\/02\/taverne.jpg 750w, https:\/\/elhiope.fr\/wp-content\/uploads\/2024\/02\/taverne-230x172.jpg 230w, https:\/\/elhiope.fr\/wp-content\/uploads\/2024\/02\/taverne-600x450.jpg 600w, https:\/\/elhiope.fr\/wp-content\/uploads\/2024\/02\/taverne-300x225.jpg 300w\" sizes=\"auto, (max-width: 750px) 100vw, 750px\" \/><\/figure>\n\n\n\n<p>S&rsquo;en suit mes premiers march\u00e9s m\u00e9di\u00e9vaux : Avernes et Brie-Comte-Robert, puis des soir\u00e9es dans Paris : Les Tavernes m\u00e9di\u00e9vales aux Caves Saint-Sabin (photo par <a href=\"https:\/\/deuskinphotography.wixsite.com\/deuskin-photography\" data-type=\"link\" data-id=\"http:\/\/deuskin-photography.fr\/\" target=\"_blank\" rel=\"noreferrer noopener\">Deuskin Photography<\/a> ).<\/p>\n<\/div>\n\n\n\n<div class=\"wp-block-media-text is-stacked-on-mobile\"><figure class=\"wp-block-media-text__media\"><img loading=\"lazy\" decoding=\"async\" width=\"683\" height=\"1024\" src=\"https:\/\/elhiope.fr\/wp-content\/uploads\/2024\/11\/WhatsApp-Image-2024-08-29-a-20.25.57_aae17d38-2-683x1024.jpg\" alt=\"\" class=\"wp-image-974 size-full\" srcset=\"https:\/\/elhiope.fr\/wp-content\/uploads\/2024\/11\/WhatsApp-Image-2024-08-29-a-20.25.57_aae17d38-2-683x1024.jpg 683w, https:\/\/elhiope.fr\/wp-content\/uploads\/2024\/11\/WhatsApp-Image-2024-08-29-a-20.25.57_aae17d38-2-230x345.jpg 230w, https:\/\/elhiope.fr\/wp-content\/uploads\/2024\/11\/WhatsApp-Image-2024-08-29-a-20.25.57_aae17d38-2-600x900.jpg 600w, https:\/\/elhiope.fr\/wp-content\/uploads\/2024\/11\/WhatsApp-Image-2024-08-29-a-20.25.57_aae17d38-2-200x300.jpg 200w, https:\/\/elhiope.fr\/wp-content\/uploads\/2024\/11\/WhatsApp-Image-2024-08-29-a-20.25.57_aae17d38-2-768x1152.jpg 768w, https:\/\/elhiope.fr\/wp-content\/uploads\/2024\/11\/WhatsApp-Image-2024-08-29-a-20.25.57_aae17d38-2-1024x1536.jpg 1024w, https:\/\/elhiope.fr\/wp-content\/uploads\/2024\/11\/WhatsApp-Image-2024-08-29-a-20.25.57_aae17d38-2.jpg 1067w\" sizes=\"auto, (max-width: 683px) 100vw, 683px\" \/><\/figure><div class=\"wp-block-media-text__content\">\n<p><\/p>\n\n\n\n<p>C&rsquo;est lors de mon troisi\u00e8me march\u00e9s, Brie-Comte-Robert, que je fais la connaissance d&rsquo;un couple de futurs mari\u00e9s qui me proposera mon plus gros projet \u00e0 ce jour : r\u00e9aliser leur tenue de mari\u00e9s ! C&rsquo;est une preuve de confiance \u00e9norme pour une cr\u00e9atrice dans ses d\u00e9buts et bien \u00e9videmment, j&rsquo;accepte avec grand plaisir de r\u00e9aliser leur projet.<\/p>\n<\/div><\/div>\n","protected":false},"excerpt":{"rendered":"<p>Comment est-ce que j&rsquo;ai commenc\u00e9 \u00e0 travailler le cuir, depuis quand, o\u00f9 est-ce que j&rsquo;ai appris ? Ce sont des questions que je re\u00e7ois r\u00e9guli\u00e8rement alors il est temps d&rsquo;y r\u00e9pondre. Mon parcours scolaire initial ne me destinait absolument pas \u00e0 un m\u00e9tier artisanal : bac S puis pr\u00e9pa scientifique, [&hellip;]<\/p>\n","protected":false},"author":1,"featured_media":0,"parent":0,"menu_order":0,"comment_status":"closed","ping_status":"closed","template":"","meta":{"_uag_custom_page_level_css":"","footnotes":""},"class_list":["post-430","page","type-page","status-publish","hentry"],"uagb_featured_image_src":{"full":false,"thumbnail":false,"medium":false,"medium_large":false,"large":false,"1536x1536":false,"2048x2048":false,"hestia-blog":false,"woocommerce_thumbnail":false,"woocommerce_single":false,"woocommerce_gallery_thumbnail":false,"jetpack-portfolio-admin-thumb":false},"uagb_author_info":{"display_name":"admin4607","author_link":"https:\/\/elhiope.fr\/index.php\/author\/admin4607\/"},"uagb_comment_info":0,"uagb_excerpt":"Comment est-ce que j&rsquo;ai commenc\u00e9 \u00e0 travailler le cuir, depuis quand, o\u00f9 est-ce que j&rsquo;ai appris ? Ce sont des questions que je re\u00e7ois r\u00e9guli\u00e8rement alors il est temps d&rsquo;y r\u00e9pondre. Mon parcours scolaire initial ne me destinait absolument pas \u00e0 un m\u00e9tier artisanal : bac S puis pr\u00e9pa scientifique, [&hellip;]","jetpack_sharing_enabled":true,"_links":{"self":[{"href":"https:\/\/elhiope.fr\/index.php\/wp-json\/wp\/v2\/pages\/430","targetHints":{"allow":["GET"]}}],"collection":[{"href":"https:\/\/elhiope.fr\/index.php\/wp-json\/wp\/v2\/pages"}],"about":[{"href":"https:\/\/elhiope.fr\/index.php\/wp-json\/wp\/v2\/types\/page"}],"author":[{"embeddable":true,"href":"https:\/\/elhiope.fr\/index.php\/wp-json\/wp\/v2\/users\/1"}],"replies":[{"embeddable":true,"href":"https:\/\/elhiope.fr\/index.php\/wp-json\/wp\/v2\/comments?post=430"}],"version-history":[{"count":13,"href":"https:\/\/elhiope.fr\/index.php\/wp-json\/wp\/v2\/pages\/430\/revisions"}],"predecessor-version":[{"id":971,"href":"https:\/\/elhiope.fr\/index.php\/wp-json\/wp\/v2\/pages\/430\/revisions\/971"}],"wp:attachment":[{"href":"https:\/\/elhiope.fr\/index.php\/wp-json\/wp\/v2\/media?parent=430"}],"curies":[{"name":"wp","href":"https:\/\/api.w.org\/{rel}","templated":true}]}}